{"id":274,"date":"2020-07-17T13:14:47","date_gmt":"2020-07-17T16:14:47","guid":{"rendered":"https:\/\/iron.siteup.dev\/?post_type=product&#038;p=274"},"modified":"2020-07-28T13:21:52","modified_gmt":"2020-07-28T16:21:52","slug":"bishop-bds-art-scale-1-10-x-men","status":"publish","type":"product","link":"https:\/\/iron.siteup.dev\/pt\/produto\/bishop-bds-art-scale-1-10-x-men\/","title":{"rendered":"Bishop BDS Art Scale 1\/10 &#8211; X-men"},"content":{"rendered":"<p><iframe loading=\"lazy\" title=\"Bishop 1\/10 BDS Art Scale X-men Diorama | Iron Studios\" width=\"1200\" height=\"675\" src=\"https:\/\/www.youtube.com\/embed\/HvGwKv5itVc?feature=oembed\" frameborder=\"0\" allow=\"accelerometer; autoplay; encrypted-media; gyroscope; picture-in-picture\" allowfullscreen><\/iframe><\/p>","protected":false},"excerpt":{"rendered":"<p>A atmosfera dos anos 90, com seu visual mais cl\u00e1ssico, Lucas Bishop se junta \u00e0 Equipe de Ouro dos X-Men na luta contra os Sentinelas. O policial mutante de um futuro dist\u00f3pico alternativo, onde os Sentinelas dominavam a Am\u00e9rica, retorna \u00e0 nossa linha do tempo para adicionar sua experi\u00eancia e for\u00e7a aos her\u00f3is e \u00eddolos de sua inf\u00e2ncia, na luta para derrotar os Sentinelas e mudar um poss\u00edvel futuro tr\u00e1gico.Com o calor da energia do microondas acumulada em sua m\u00e3o esquerda (porque seu poder lhe permite absorver a energia projetada contra ele e reverter contra carregando seu rifle futurista de plasma na m\u00e3o direita, \u201cBishop BDS Art Scale 1\/10 - Marvel Comics\u201d, da Iron Studios, sobe nos restos dos m\u00f3veis e do piso da Mans\u00e3o X, devastados pelos rob\u00f4s sob o controle de Magneto.<\/p>","protected":false},"featured_media":176,"template":"","meta":[],"product_cat":[53,46],"product_tag":[67],"acf":[],"yoast_head":"<!-- This site is optimized with the Yoast SEO plugin v19.4 - https:\/\/yoast.com\/wordpress\/plugins\/seo\/ -->\n<title>Bishop BDS Art Scale 1\/10 - X-men - Iron Studio<\/title>\n<meta name=\"robots\" content=\"noindex, follow, max-snippet:-1, max-image-preview:large, max-video-preview:-1\" \/>\n<meta property=\"og:locale\" content=\"pt_PT\" \/>\n<meta property=\"og:type\" content=\"article\" \/>\n<meta property=\"og:title\" content=\"Bishop BDS Art Scale 1\/10 - X-men - Iron Studio\" \/>\n<meta property=\"og:description\" content=\"The atmosphere of the 90s, with his most classic look, Lucas Bishop joins the Golden Team of the X-Men in fighting the Sentinels. The mutant policeman from an alternative dystopian future, where the Sentinels dominated America, returns to our timeline to add his experience and strength to his childhood heroes and idols, in the struggle to defeat the Sentinels and change a possible tragic future. With the heat microwave energy accumulated in his left hand (because his power allows him to absorb energy projected against him and revert against opponents) and carrying his futuristic plasma rifle in his right hand, \u201cBishop BDS Art Scale 1\/10 \u2013 Marvel Comics \u201d from Iron Studios, climbs the remains of the furniture and floor of Mansion X, devastated by the robots under Magneto\u2019s control.\" \/>\n<meta property=\"og:url\" content=\"http:\/\/iron.upsites.dev\/de\/produto\/bishop-bds-art-scale-1-10-x-men\/\" \/>\n<meta property=\"og:site_name\" content=\"Iron Studio\" \/>\n<meta property=\"article:publisher\" content=\"https:\/\/www.facebook.com\/ironstudios\" \/>\n<meta property=\"article:modified_time\" content=\"2020-07-28T16:21:52+00:00\" \/>\n<meta property=\"og:image\" content=\"http:\/\/iron.upsites.dev\/wp-content\/uploads\/2020\/07\/50200f9a-img-02-bishop-product.jpg\" \/>\n\t<meta property=\"og:image:width\" content=\"542\" \/>\n\t<meta property=\"og:image:height\" content=\"679\" \/>\n\t<meta property=\"og:image:type\" content=\"image\/jpeg\" \/>\n<meta name=\"twitter:card\" content=\"summary_large_image\" \/>\n<script type=\"application\/ld+json\" class=\"yoast-schema-graph\">{\"@context\":\"https:\/\/schema.org\",\"@graph\":[{\"@type\":\"Organization\",\"@id\":\"https:\/\/iron.upsites.dev\/#organization\",\"name\":\"Iron Studios\",\"url\":\"https:\/\/iron.upsites.dev\/\",\"sameAs\":[\"https:\/\/www.instagram.com\/ironstudios\/\",\"https:\/\/www.youtube.com\/channel\/UCi3CCnkxvCFpKK4gBGC0dYw\/featured\",\"https:\/\/www.facebook.com\/ironstudios\"],\"logo\":{\"@type\":\"ImageObject\",\"inLanguage\":\"pt-PT\",\"@id\":\"https:\/\/iron.upsites.dev\/#\/schema\/logo\/image\/\",\"url\":\"\",\"contentUrl\":\"\",\"caption\":\"Iron Studios\"},\"image\":{\"@id\":\"https:\/\/iron.upsites.dev\/#\/schema\/logo\/image\/\"}},{\"@type\":\"WebSite\",\"@id\":\"https:\/\/iron.upsites.dev\/#website\",\"url\":\"https:\/\/iron.upsites.dev\/\",\"name\":\"Iron Studio\",\"description\":\"Statue to collect\",\"publisher\":{\"@id\":\"https:\/\/iron.upsites.dev\/#organization\"},\"potentialAction\":[{\"@type\":\"SearchAction\",\"target\":{\"@type\":\"EntryPoint\",\"urlTemplate\":\"https:\/\/iron.upsites.dev\/?s={search_term_string}\"},\"query-input\":\"required name=search_term_string\"}],\"inLanguage\":\"pt-PT\"},{\"@type\":\"WebPage\",\"@id\":\"http:\/\/iron.upsites.dev\/de\/produto\/bishop-bds-art-scale-1-10-x-men\/\",\"url\":\"http:\/\/iron.upsites.dev\/de\/produto\/bishop-bds-art-scale-1-10-x-men\/\",\"name\":\"Bishop BDS Art Scale 1\/10 - X-men - Iron Studio\",\"isPartOf\":{\"@id\":\"https:\/\/iron.upsites.dev\/#website\"},\"datePublished\":\"2020-07-17T16:14:47+00:00\",\"dateModified\":\"2020-07-28T16:21:52+00:00\",\"breadcrumb\":{\"@id\":\"http:\/\/iron.upsites.dev\/de\/produto\/bishop-bds-art-scale-1-10-x-men\/#breadcrumb\"},\"inLanguage\":\"pt-PT\",\"potentialAction\":[{\"@type\":\"ReadAction\",\"target\":[\"http:\/\/iron.upsites.dev\/de\/produto\/bishop-bds-art-scale-1-10-x-men\/\"]}]},{\"@type\":\"BreadcrumbList\",\"@id\":\"http:\/\/iron.upsites.dev\/de\/produto\/bishop-bds-art-scale-1-10-x-men\/#breadcrumb\",\"itemListElement\":[{\"@type\":\"ListItem\",\"position\":1,\"name\":\"In\u00edcio\",\"item\":\"https:\/\/iron.upsites.dev\/\"},{\"@type\":\"ListItem\",\"position\":2,\"name\":\"Products\",\"item\":\"https:\/\/iron.upsites.dev\/pt\/shop\/\"},{\"@type\":\"ListItem\",\"position\":3,\"name\":\"Bishop BDS Art Scale 1\/10 &#8211; X-men\"}]}]}<\/script>\n<!-- \/ Yoast SEO plugin. -->","yoast_head_json":{"title":"Bishop BDS Art Scale 1\/10 - X-men - Iron Studio","robots":{"index":"noindex","follow":"follow","max-snippet":"max-snippet:-1","max-image-preview":"max-image-preview:large","max-video-preview":"max-video-preview:-1"},"og_locale":"pt_PT","og_type":"article","og_title":"Bishop BDS Art Scale 1\/10 - X-men - Iron Studio","og_description":"The atmosphere of the 90s, with his most classic look, Lucas Bishop joins the Golden Team of the X-Men in fighting the Sentinels. The mutant policeman from an alternative dystopian future, where the Sentinels dominated America, returns to our timeline to add his experience and strength to his childhood heroes and idols, in the struggle to defeat the Sentinels and change a possible tragic future. With the heat microwave energy accumulated in his left hand (because his power allows him to absorb energy projected against him and revert against opponents) and carrying his futuristic plasma rifle in his right hand, \u201cBishop BDS Art Scale 1\/10 \u2013 Marvel Comics \u201d from Iron Studios, climbs the remains of the furniture and floor of Mansion X, devastated by the robots under Magneto\u2019s control.","og_url":"http:\/\/iron.upsites.dev\/de\/produto\/bishop-bds-art-scale-1-10-x-men\/","og_site_name":"Iron Studio","article_publisher":"https:\/\/www.facebook.com\/ironstudios","article_modified_time":"2020-07-28T16:21:52+00:00","og_image":[{"width":542,"height":679,"url":"http:\/\/iron.upsites.dev\/wp-content\/uploads\/2020\/07\/50200f9a-img-02-bishop-product.jpg","type":"image\/jpeg"}],"twitter_card":"summary_large_image","schema":{"@context":"https:\/\/schema.org","@graph":[{"@type":"Organization","@id":"https:\/\/iron.upsites.dev\/#organization","name":"Iron Studios","url":"https:\/\/iron.upsites.dev\/","sameAs":["https:\/\/www.instagram.com\/ironstudios\/","https:\/\/www.youtube.com\/channel\/UCi3CCnkxvCFpKK4gBGC0dYw\/featured","https:\/\/www.facebook.com\/ironstudios"],"logo":{"@type":"ImageObject","inLanguage":"pt-PT","@id":"https:\/\/iron.upsites.dev\/#\/schema\/logo\/image\/","url":"","contentUrl":"","caption":"Iron Studios"},"image":{"@id":"https:\/\/iron.upsites.dev\/#\/schema\/logo\/image\/"}},{"@type":"WebSite","@id":"https:\/\/iron.upsites.dev\/#website","url":"https:\/\/iron.upsites.dev\/","name":"Iron Studio","description":"Statue to collect","publisher":{"@id":"https:\/\/iron.upsites.dev\/#organization"},"potentialAction":[{"@type":"SearchAction","target":{"@type":"EntryPoint","urlTemplate":"https:\/\/iron.upsites.dev\/?s={search_term_string}"},"query-input":"required name=search_term_string"}],"inLanguage":"pt-PT"},{"@type":"WebPage","@id":"http:\/\/iron.upsites.dev\/de\/produto\/bishop-bds-art-scale-1-10-x-men\/","url":"http:\/\/iron.upsites.dev\/de\/produto\/bishop-bds-art-scale-1-10-x-men\/","name":"Bishop BDS Art Scale 1\/10 - X-men - Iron Studio","isPartOf":{"@id":"https:\/\/iron.upsites.dev\/#website"},"datePublished":"2020-07-17T16:14:47+00:00","dateModified":"2020-07-28T16:21:52+00:00","breadcrumb":{"@id":"http:\/\/iron.upsites.dev\/de\/produto\/bishop-bds-art-scale-1-10-x-men\/#breadcrumb"},"inLanguage":"pt-PT","potentialAction":[{"@type":"ReadAction","target":["http:\/\/iron.upsites.dev\/de\/produto\/bishop-bds-art-scale-1-10-x-men\/"]}]},{"@type":"BreadcrumbList","@id":"http:\/\/iron.upsites.dev\/de\/produto\/bishop-bds-art-scale-1-10-x-men\/#breadcrumb","itemListElement":[{"@type":"ListItem","position":1,"name":"In\u00edcio","item":"https:\/\/iron.upsites.dev\/"},{"@type":"ListItem","position":2,"name":"Products","item":"https:\/\/iron.upsites.dev\/pt\/shop\/"},{"@type":"ListItem","position":3,"name":"Bishop BDS Art Scale 1\/10 &#8211; X-men"}]}]}},"_links":{"self":[{"href":"https:\/\/iron.siteup.dev\/pt\/wp-json\/wp\/v2\/product\/274"}],"collection":[{"href":"https:\/\/iron.siteup.dev\/pt\/wp-json\/wp\/v2\/product"}],"about":[{"href":"https:\/\/iron.siteup.dev\/pt\/wp-json\/wp\/v2\/types\/product"}],"wp:featuredmedia":[{"embeddable":true,"href":"https:\/\/iron.siteup.dev\/pt\/wp-json\/wp\/v2\/media\/176"}],"wp:attachment":[{"href":"https:\/\/iron.siteup.dev\/pt\/wp-json\/wp\/v2\/media?parent=274"}],"wp:term":[{"taxonomy":"product_cat","embeddable":true,"href":"https:\/\/iron.siteup.dev\/pt\/wp-json\/wp\/v2\/product_cat?post=274"},{"taxonomy":"product_tag","embeddable":true,"href":"https:\/\/iron.siteup.dev\/pt\/wp-json\/wp\/v2\/product_tag?post=274"}],"curies":[{"name":"wp","href":"https:\/\/api.w.org\/{rel}","templated":true}]}}