{"id":316,"date":"2020-07-17T15:21:18","date_gmt":"2020-07-17T18:21:18","guid":{"rendered":"https:\/\/iron.siteup.dev\/?post_type=product&#038;p=316"},"modified":"2020-07-28T13:22:25","modified_gmt":"2020-07-28T16:22:25","slug":"poison-ivy-art-scale-1-10-dc-comics-by-ivan-reis-serie","status":"publish","type":"product","link":"https:\/\/iron.siteup.dev\/fr\/produto\/poison-ivy-art-scale-1-10-dc-comics-by-ivan-reis-serie\/","title":{"rendered":"Poison Ivy Art Scale 1\/10 &#8211; DC Comics by Ivan Reis Serie"},"content":{"rendered":"","protected":false},"excerpt":{"rendered":"<p>Si vous \u00e9tiez assez bon, alors peut-\u00eatre que Tony serait toujours en vie\u2026 \u00bbavec cette phrase, Quentin Beck, le m\u00e9chant \u00e9nigmatique nomm\u00e9 Mysterio, am\u00e8ne Peter Parker dans un cauchemar lorsque le jeune Spider-Man subit toujours la perte de son ami et mentor dans la bataille finale contre Thanos. Au milieu d'une brume verte hallucinog\u00e8ne expuls\u00e9e par l'un des drones du m\u00e9chant, appara\u00eet l'image cadav\u00e9rique et zombifi\u00e9e d'Iron Man, flottant avec ses r\u00e9pulseurs, et portant une armure bris\u00e9e qui r\u00e9v\u00e8le des parties du squelette de Stark \u00e0 l'int\u00e9rieur.\n\nUn examen plus attentif montre la texture des pixels bleus dans l'image, r\u00e9v\u00e9lant qu'il s'agit d'une autre illusion num\u00e9rique cr\u00e9\u00e9e par Mysterio, un d\u00e9tail mis en \u00e9vidence sur la figure gr\u00e2ce \u00e0 une peinture sp\u00e9ciale aux agrumes utilis\u00e9e dans sa peinture, o\u00f9 diff\u00e9rents angles d'\u00e9clairage fournissent diff\u00e9rentes impressions visuelles.\n\nCette sc\u00e8ne saisissante du film Spider-Man: loin de chez soi, est fi\u00e8rement pr\u00e9sent\u00e9e dans la figure \"\"Iron Man Illusion Deluxe Art Scale 1\/10 - Spider-Man: loin de chez soi\"\" par Iron Studios, dans une statue de collection exclusive et sans pr\u00e9c\u00e9dent , une partie de sa ligne d\u00e9riv\u00e9e du film.<\/p>","protected":false},"featured_media":437,"template":"","meta":[],"product_cat":[23,59],"product_tag":[68],"acf":[],"yoast_head":"<!-- This site is optimized with the Yoast SEO plugin v19.4 - https:\/\/yoast.com\/wordpress\/plugins\/seo\/ -->\n<title>Poison Ivy Art Scale 1\/10 - DC Comics by Ivan Reis Serie - Iron Studio<\/title>\n<meta name=\"robots\" content=\"noindex, follow, max-snippet:-1, max-image-preview:large, max-video-preview:-1\" \/>\n<meta property=\"og:locale\" content=\"fr_FR\" \/>\n<meta property=\"og:type\" content=\"article\" \/>\n<meta property=\"og:title\" content=\"Poison Ivy Art Scale 1\/10 - DC Comics by Ivan Reis Serie - Iron Studio\" \/>\n<meta property=\"og:description\" content=\"Beautiful and deadly, Dr. Pamela Isley supports herself and displays another of her monstrous botanical creations in the statue \u201cPoison Ivy Art Scale 1\/10 \u2013 DC Comics by Ivan Reis Series # 5\u201d, another Iron Studios release, in it\u2019s line Art Scale 1\/10 DC Comics, also based on the conceptual art of the designer Ivan Reis of Chiaroscuro Studios. Poison Ivy is one of the greatest antagonists in the Batman villain gallery, described as one of the most notorious eco-terrorists in the world. With her classic costume, the red-haired villain who uses plant toxins and pheromones in her crimes to control minds and create mutant plants, stands out on a tree base with realistic almost organic textures. Created by Robert Kanigher, her first appearance was in Batman #181 of 1966, she is 21st on the Comics Buyer\u2019s Guide list of the \u201c100 Most Beautiful Women in Comics\u201d.\" \/>\n<meta property=\"og:url\" content=\"https:\/\/iron.siteup.dev\/fr\/produto\/poison-ivy-art-scale-1-10-dc-comics-by-ivan-reis-serie\/\" \/>\n<meta property=\"og:site_name\" content=\"Iron Studio\" \/>\n<meta property=\"article:publisher\" content=\"https:\/\/www.facebook.com\/ironstudios\" \/>\n<meta property=\"article:modified_time\" content=\"2020-07-28T16:22:25+00:00\" \/>\n<meta property=\"og:image\" content=\"https:\/\/iron.siteup.dev\/wp-content\/uploads\/2020\/07\/img-10-poison-ivy-product-223746.png\" \/>\n\t<meta property=\"og:image:width\" content=\"614\" \/>\n\t<meta property=\"og:image:height\" content=\"614\" \/>\n\t<meta property=\"og:image:type\" content=\"image\/png\" \/>\n<meta name=\"twitter:card\" content=\"summary_large_image\" \/>\n<script type=\"application\/ld+json\" class=\"yoast-schema-graph\">{\"@context\":\"https:\/\/schema.org\",\"@graph\":[{\"@type\":\"Organization\",\"@id\":\"https:\/\/iron.upsites.dev\/#organization\",\"name\":\"Iron Studios\",\"url\":\"https:\/\/iron.upsites.dev\/\",\"sameAs\":[\"https:\/\/www.instagram.com\/ironstudios\/\",\"https:\/\/www.youtube.com\/channel\/UCi3CCnkxvCFpKK4gBGC0dYw\/featured\",\"https:\/\/www.facebook.com\/ironstudios\"],\"logo\":{\"@type\":\"ImageObject\",\"inLanguage\":\"fr-FR\",\"@id\":\"https:\/\/iron.upsites.dev\/#\/schema\/logo\/image\/\",\"url\":\"\",\"contentUrl\":\"\",\"caption\":\"Iron Studios\"},\"image\":{\"@id\":\"https:\/\/iron.upsites.dev\/#\/schema\/logo\/image\/\"}},{\"@type\":\"WebSite\",\"@id\":\"https:\/\/iron.upsites.dev\/#website\",\"url\":\"https:\/\/iron.upsites.dev\/\",\"name\":\"Iron Studio\",\"description\":\"Statue to collect\",\"publisher\":{\"@id\":\"https:\/\/iron.upsites.dev\/#organization\"},\"potentialAction\":[{\"@type\":\"SearchAction\",\"target\":{\"@type\":\"EntryPoint\",\"urlTemplate\":\"https:\/\/iron.upsites.dev\/?s={search_term_string}\"},\"query-input\":\"required name=search_term_string\"}],\"inLanguage\":\"fr-FR\"},{\"@type\":\"WebPage\",\"@id\":\"https:\/\/iron.siteup.dev\/de\/produto\/poison-ivy-art-scale-1-10-dc-comics-by-ivan-reis-serie\/\",\"url\":\"https:\/\/iron.siteup.dev\/de\/produto\/poison-ivy-art-scale-1-10-dc-comics-by-ivan-reis-serie\/\",\"name\":\"Poison Ivy Art Scale 1\/10 - DC Comics by Ivan Reis Serie - Iron Studio\",\"isPartOf\":{\"@id\":\"https:\/\/iron.upsites.dev\/#website\"},\"datePublished\":\"2020-07-17T18:21:18+00:00\",\"dateModified\":\"2020-07-28T16:22:25+00:00\",\"breadcrumb\":{\"@id\":\"https:\/\/iron.siteup.dev\/de\/produto\/poison-ivy-art-scale-1-10-dc-comics-by-ivan-reis-serie\/#breadcrumb\"},\"inLanguage\":\"fr-FR\",\"potentialAction\":[{\"@type\":\"ReadAction\",\"target\":[\"https:\/\/iron.siteup.dev\/de\/produto\/poison-ivy-art-scale-1-10-dc-comics-by-ivan-reis-serie\/\"]}]},{\"@type\":\"BreadcrumbList\",\"@id\":\"https:\/\/iron.siteup.dev\/de\/produto\/poison-ivy-art-scale-1-10-dc-comics-by-ivan-reis-serie\/#breadcrumb\",\"itemListElement\":[{\"@type\":\"ListItem\",\"position\":1,\"name\":\"In\u00edcio\",\"item\":\"https:\/\/iron.upsites.dev\/\"},{\"@type\":\"ListItem\",\"position\":2,\"name\":\"Products\",\"item\":\"https:\/\/iron.siteup.dev\/de\/shop\/\"},{\"@type\":\"ListItem\",\"position\":3,\"name\":\"Poison Ivy Art Scale 1\/10 &#8211; DC Comics by Ivan Reis Serie\"}]}]}<\/script>\n<!-- \/ Yoast SEO plugin. -->","yoast_head_json":{"title":"Poison Ivy Art Scale 1\/10 - DC Comics by Ivan Reis Serie - Iron Studio","robots":{"index":"noindex","follow":"follow","max-snippet":"max-snippet:-1","max-image-preview":"max-image-preview:large","max-video-preview":"max-video-preview:-1"},"og_locale":"fr_FR","og_type":"article","og_title":"Poison Ivy Art Scale 1\/10 - DC Comics by Ivan Reis Serie - Iron Studio","og_description":"Beautiful and deadly, Dr. Pamela Isley supports herself and displays another of her monstrous botanical creations in the statue \u201cPoison Ivy Art Scale 1\/10 \u2013 DC Comics by Ivan Reis Series # 5\u201d, another Iron Studios release, in it\u2019s line Art Scale 1\/10 DC Comics, also based on the conceptual art of the designer Ivan Reis of Chiaroscuro Studios. Poison Ivy is one of the greatest antagonists in the Batman villain gallery, described as one of the most notorious eco-terrorists in the world. With her classic costume, the red-haired villain who uses plant toxins and pheromones in her crimes to control minds and create mutant plants, stands out on a tree base with realistic almost organic textures. Created by Robert Kanigher, her first appearance was in Batman #181 of 1966, she is 21st on the Comics Buyer\u2019s Guide list of the \u201c100 Most Beautiful Women in Comics\u201d.","og_url":"https:\/\/iron.siteup.dev\/fr\/produto\/poison-ivy-art-scale-1-10-dc-comics-by-ivan-reis-serie\/","og_site_name":"Iron Studio","article_publisher":"https:\/\/www.facebook.com\/ironstudios","article_modified_time":"2020-07-28T16:22:25+00:00","og_image":[{"width":614,"height":614,"url":"https:\/\/iron.siteup.dev\/wp-content\/uploads\/2020\/07\/img-10-poison-ivy-product-223746.png","type":"image\/png"}],"twitter_card":"summary_large_image","schema":{"@context":"https:\/\/schema.org","@graph":[{"@type":"Organization","@id":"https:\/\/iron.upsites.dev\/#organization","name":"Iron Studios","url":"https:\/\/iron.upsites.dev\/","sameAs":["https:\/\/www.instagram.com\/ironstudios\/","https:\/\/www.youtube.com\/channel\/UCi3CCnkxvCFpKK4gBGC0dYw\/featured","https:\/\/www.facebook.com\/ironstudios"],"logo":{"@type":"ImageObject","inLanguage":"fr-FR","@id":"https:\/\/iron.upsites.dev\/#\/schema\/logo\/image\/","url":"","contentUrl":"","caption":"Iron Studios"},"image":{"@id":"https:\/\/iron.upsites.dev\/#\/schema\/logo\/image\/"}},{"@type":"WebSite","@id":"https:\/\/iron.upsites.dev\/#website","url":"https:\/\/iron.upsites.dev\/","name":"Iron Studio","description":"Statue to collect","publisher":{"@id":"https:\/\/iron.upsites.dev\/#organization"},"potentialAction":[{"@type":"SearchAction","target":{"@type":"EntryPoint","urlTemplate":"https:\/\/iron.upsites.dev\/?s={search_term_string}"},"query-input":"required name=search_term_string"}],"inLanguage":"fr-FR"},{"@type":"WebPage","@id":"https:\/\/iron.siteup.dev\/de\/produto\/poison-ivy-art-scale-1-10-dc-comics-by-ivan-reis-serie\/","url":"https:\/\/iron.siteup.dev\/de\/produto\/poison-ivy-art-scale-1-10-dc-comics-by-ivan-reis-serie\/","name":"Poison Ivy Art Scale 1\/10 - DC Comics by Ivan Reis Serie - Iron Studio","isPartOf":{"@id":"https:\/\/iron.upsites.dev\/#website"},"datePublished":"2020-07-17T18:21:18+00:00","dateModified":"2020-07-28T16:22:25+00:00","breadcrumb":{"@id":"https:\/\/iron.siteup.dev\/de\/produto\/poison-ivy-art-scale-1-10-dc-comics-by-ivan-reis-serie\/#breadcrumb"},"inLanguage":"fr-FR","potentialAction":[{"@type":"ReadAction","target":["https:\/\/iron.siteup.dev\/de\/produto\/poison-ivy-art-scale-1-10-dc-comics-by-ivan-reis-serie\/"]}]},{"@type":"BreadcrumbList","@id":"https:\/\/iron.siteup.dev\/de\/produto\/poison-ivy-art-scale-1-10-dc-comics-by-ivan-reis-serie\/#breadcrumb","itemListElement":[{"@type":"ListItem","position":1,"name":"In\u00edcio","item":"https:\/\/iron.upsites.dev\/"},{"@type":"ListItem","position":2,"name":"Products","item":"https:\/\/iron.siteup.dev\/de\/shop\/"},{"@type":"ListItem","position":3,"name":"Poison Ivy Art Scale 1\/10 &#8211; DC Comics by Ivan Reis Serie"}]}]}},"_links":{"self":[{"href":"https:\/\/iron.siteup.dev\/fr\/wp-json\/wp\/v2\/product\/316"}],"collection":[{"href":"https:\/\/iron.siteup.dev\/fr\/wp-json\/wp\/v2\/product"}],"about":[{"href":"https:\/\/iron.siteup.dev\/fr\/wp-json\/wp\/v2\/types\/product"}],"wp:featuredmedia":[{"embeddable":true,"href":"https:\/\/iron.siteup.dev\/fr\/wp-json\/wp\/v2\/media\/437"}],"wp:attachment":[{"href":"https:\/\/iron.siteup.dev\/fr\/wp-json\/wp\/v2\/media?parent=316"}],"wp:term":[{"taxonomy":"product_cat","embeddable":true,"href":"https:\/\/iron.siteup.dev\/fr\/wp-json\/wp\/v2\/product_cat?post=316"},{"taxonomy":"product_tag","embeddable":true,"href":"https:\/\/iron.siteup.dev\/fr\/wp-json\/wp\/v2\/product_tag?post=316"}],"curies":[{"name":"wp","href":"https:\/\/api.w.org\/{rel}","templated":true}]}}