{"id":291,"date":"2020-07-17T14:23:30","date_gmt":"2020-07-17T17:23:30","guid":{"rendered":"https:\/\/iron.siteup.dev\/?post_type=product&#038;p=291"},"modified":"2020-07-28T13:20:13","modified_gmt":"2020-07-28T16:20:13","slug":"emma-frost-bds-art-scale-1-10-x-men","status":"publish","type":"product","link":"https:\/\/iron.siteup.dev\/fr\/produto\/emma-frost-bds-art-scale-1-10-x-men\/","title":{"rendered":"Emma Frost BDS Art Scale 1\/10 &#8211; X-men"},"content":{"rendered":"<p><iframe loading=\"lazy\" title=\"Emma Frost 1\/10 BDS Art Scale X-men Diorama | Iron Studios\" width=\"1200\" height=\"675\" src=\"https:\/\/www.youtube.com\/embed\/Siwf9WWHz_0?feature=oembed\" frameborder=\"0\" allow=\"accelerometer; autoplay; encrypted-media; gyroscope; picture-in-picture\" allowfullscreen><\/iframe><\/p>","protected":false},"excerpt":{"rendered":"<p>Imposante et sensuelle, Emma Frost, \u00e9galement connue sous le nom de \u00abReine blanche\u00bb, marche parmi les d\u00e9combres du Mansion X d\u00e9moli et des morceaux de ferraille de la t\u00eate d'une sentinelle, concentr\u00e9e avec ses pouvoirs mentaux concentr\u00e9s sur la victoire sur ses ennemis. Dot\u00e9e de grands pouvoirs t\u00e9l\u00e9pathiques et de la capacit\u00e9 de transformer son corps en forme de diamant, elle est apparue comme une m\u00e9chante lors de l'une des histoires les plus embl\u00e9matiques de X-Men jamais r\u00e9alis\u00e9es: The Dark Phoenix Saga, en tant que membre du Hellfire Club, un secret soci\u00e9t\u00e9 criminelle d'aristocrates mutants. Par la suite, le groupe Generation X a \u00e9t\u00e9 form\u00e9 aux c\u00f4t\u00e9s des X-Man Banshee, et est devenu plus tard membre des X-Men.<\/p>","protected":false},"featured_media":293,"template":"","meta":[],"product_cat":[66,46],"product_tag":[67],"acf":[],"yoast_head":"<!-- This site is optimized with the Yoast SEO plugin v19.4 - https:\/\/yoast.com\/wordpress\/plugins\/seo\/ -->\n<title>Emma Frost BDS Art Scale 1\/10 - X-men - Iron Studio<\/title>\n<meta name=\"robots\" content=\"noindex, follow, max-snippet:-1, max-image-preview:large, max-video-preview:-1\" \/>\n<meta property=\"og:locale\" content=\"fr_FR\" \/>\n<meta property=\"og:type\" content=\"article\" \/>\n<meta property=\"og:title\" content=\"Emma Frost BDS Art Scale 1\/10 - X-men - Iron Studio\" \/>\n<meta property=\"og:description\" content=\"Imposing and sensual, Emma Frost, also known as \u201cWhite Queen\u201d, walks among the rubble of the demolished Mansion X and pieces of scrap from a Sentinel\u2019s head, concentrated with her mental powers focused on overcoming her enemies. Endowed with great telepathic powers and the ability to transform her body into a diamond shape, she emerged as a villain during one of the most iconic X-Men stories ever made: The Dark Phoenix Saga, as a member of the Hellfire Club, a secret criminal society of mutant aristocrats. Subsequently, the Generation X group was formed alongside the X-Man Banshee, and later became a member of the X-Men.\" \/>\n<meta property=\"og:url\" content=\"https:\/\/iron.upsites.dev\/it\/produto\/emma-frost-bds-art-scale-1-10-x-men\/\" \/>\n<meta property=\"og:site_name\" content=\"Iron Studio\" \/>\n<meta property=\"article:publisher\" content=\"https:\/\/www.facebook.com\/ironstudios\" \/>\n<meta property=\"article:modified_time\" content=\"2020-07-28T16:20:13+00:00\" \/>\n<meta property=\"og:image\" content=\"https:\/\/iron.upsites.dev\/wp-content\/uploads\/2020\/07\/0bcbccfd-img-03-emma-frost-product.jpg\" \/>\n\t<meta property=\"og:image:width\" content=\"419\" \/>\n\t<meta property=\"og:image:height\" content=\"591\" \/>\n\t<meta property=\"og:image:type\" content=\"image\/jpeg\" \/>\n<meta name=\"twitter:card\" content=\"summary_large_image\" \/>\n<script type=\"application\/ld+json\" class=\"yoast-schema-graph\">{\"@context\":\"https:\/\/schema.org\",\"@graph\":[{\"@type\":\"Organization\",\"@id\":\"https:\/\/iron.upsites.dev\/#organization\",\"name\":\"Iron Studios\",\"url\":\"https:\/\/iron.upsites.dev\/\",\"sameAs\":[\"https:\/\/www.instagram.com\/ironstudios\/\",\"https:\/\/www.youtube.com\/channel\/UCi3CCnkxvCFpKK4gBGC0dYw\/featured\",\"https:\/\/www.facebook.com\/ironstudios\"],\"logo\":{\"@type\":\"ImageObject\",\"inLanguage\":\"fr-FR\",\"@id\":\"https:\/\/iron.upsites.dev\/#\/schema\/logo\/image\/\",\"url\":\"\",\"contentUrl\":\"\",\"caption\":\"Iron Studios\"},\"image\":{\"@id\":\"https:\/\/iron.upsites.dev\/#\/schema\/logo\/image\/\"}},{\"@type\":\"WebSite\",\"@id\":\"https:\/\/iron.upsites.dev\/#website\",\"url\":\"https:\/\/iron.upsites.dev\/\",\"name\":\"Iron Studio\",\"description\":\"Statue to collect\",\"publisher\":{\"@id\":\"https:\/\/iron.upsites.dev\/#organization\"},\"potentialAction\":[{\"@type\":\"SearchAction\",\"target\":{\"@type\":\"EntryPoint\",\"urlTemplate\":\"https:\/\/iron.upsites.dev\/?s={search_term_string}\"},\"query-input\":\"required name=search_term_string\"}],\"inLanguage\":\"fr-FR\"},{\"@type\":\"WebPage\",\"@id\":\"https:\/\/iron.upsites.dev\/it\/produto\/emma-frost-bds-art-scale-1-10-x-men\/\",\"url\":\"https:\/\/iron.upsites.dev\/it\/produto\/emma-frost-bds-art-scale-1-10-x-men\/\",\"name\":\"Emma Frost BDS Art Scale 1\/10 - X-men - Iron Studio\",\"isPartOf\":{\"@id\":\"https:\/\/iron.upsites.dev\/#website\"},\"datePublished\":\"2020-07-17T17:23:30+00:00\",\"dateModified\":\"2020-07-28T16:20:13+00:00\",\"breadcrumb\":{\"@id\":\"https:\/\/iron.upsites.dev\/it\/produto\/emma-frost-bds-art-scale-1-10-x-men\/#breadcrumb\"},\"inLanguage\":\"fr-FR\",\"potentialAction\":[{\"@type\":\"ReadAction\",\"target\":[\"https:\/\/iron.upsites.dev\/it\/produto\/emma-frost-bds-art-scale-1-10-x-men\/\"]}]},{\"@type\":\"BreadcrumbList\",\"@id\":\"https:\/\/iron.upsites.dev\/it\/produto\/emma-frost-bds-art-scale-1-10-x-men\/#breadcrumb\",\"itemListElement\":[{\"@type\":\"ListItem\",\"position\":1,\"name\":\"In\u00edcio\",\"item\":\"https:\/\/iron.upsites.dev\/\"},{\"@type\":\"ListItem\",\"position\":2,\"name\":\"Products\",\"item\":\"https:\/\/iron.upsites.dev\/pt\/shop\/\"},{\"@type\":\"ListItem\",\"position\":3,\"name\":\"Emma Frost BDS Art Scale 1\/10 &#8211; X-men\"}]}]}<\/script>\n<!-- \/ Yoast SEO plugin. -->","yoast_head_json":{"title":"Emma Frost BDS Art Scale 1\/10 - X-men - Iron Studio","robots":{"index":"noindex","follow":"follow","max-snippet":"max-snippet:-1","max-image-preview":"max-image-preview:large","max-video-preview":"max-video-preview:-1"},"og_locale":"fr_FR","og_type":"article","og_title":"Emma Frost BDS Art Scale 1\/10 - X-men - Iron Studio","og_description":"Imposing and sensual, Emma Frost, also known as \u201cWhite Queen\u201d, walks among the rubble of the demolished Mansion X and pieces of scrap from a Sentinel\u2019s head, concentrated with her mental powers focused on overcoming her enemies. Endowed with great telepathic powers and the ability to transform her body into a diamond shape, she emerged as a villain during one of the most iconic X-Men stories ever made: The Dark Phoenix Saga, as a member of the Hellfire Club, a secret criminal society of mutant aristocrats. Subsequently, the Generation X group was formed alongside the X-Man Banshee, and later became a member of the X-Men.","og_url":"https:\/\/iron.upsites.dev\/it\/produto\/emma-frost-bds-art-scale-1-10-x-men\/","og_site_name":"Iron Studio","article_publisher":"https:\/\/www.facebook.com\/ironstudios","article_modified_time":"2020-07-28T16:20:13+00:00","og_image":[{"width":419,"height":591,"url":"https:\/\/iron.upsites.dev\/wp-content\/uploads\/2020\/07\/0bcbccfd-img-03-emma-frost-product.jpg","type":"image\/jpeg"}],"twitter_card":"summary_large_image","schema":{"@context":"https:\/\/schema.org","@graph":[{"@type":"Organization","@id":"https:\/\/iron.upsites.dev\/#organization","name":"Iron Studios","url":"https:\/\/iron.upsites.dev\/","sameAs":["https:\/\/www.instagram.com\/ironstudios\/","https:\/\/www.youtube.com\/channel\/UCi3CCnkxvCFpKK4gBGC0dYw\/featured","https:\/\/www.facebook.com\/ironstudios"],"logo":{"@type":"ImageObject","inLanguage":"fr-FR","@id":"https:\/\/iron.upsites.dev\/#\/schema\/logo\/image\/","url":"","contentUrl":"","caption":"Iron Studios"},"image":{"@id":"https:\/\/iron.upsites.dev\/#\/schema\/logo\/image\/"}},{"@type":"WebSite","@id":"https:\/\/iron.upsites.dev\/#website","url":"https:\/\/iron.upsites.dev\/","name":"Iron Studio","description":"Statue to collect","publisher":{"@id":"https:\/\/iron.upsites.dev\/#organization"},"potentialAction":[{"@type":"SearchAction","target":{"@type":"EntryPoint","urlTemplate":"https:\/\/iron.upsites.dev\/?s={search_term_string}"},"query-input":"required name=search_term_string"}],"inLanguage":"fr-FR"},{"@type":"WebPage","@id":"https:\/\/iron.upsites.dev\/it\/produto\/emma-frost-bds-art-scale-1-10-x-men\/","url":"https:\/\/iron.upsites.dev\/it\/produto\/emma-frost-bds-art-scale-1-10-x-men\/","name":"Emma Frost BDS Art Scale 1\/10 - X-men - Iron Studio","isPartOf":{"@id":"https:\/\/iron.upsites.dev\/#website"},"datePublished":"2020-07-17T17:23:30+00:00","dateModified":"2020-07-28T16:20:13+00:00","breadcrumb":{"@id":"https:\/\/iron.upsites.dev\/it\/produto\/emma-frost-bds-art-scale-1-10-x-men\/#breadcrumb"},"inLanguage":"fr-FR","potentialAction":[{"@type":"ReadAction","target":["https:\/\/iron.upsites.dev\/it\/produto\/emma-frost-bds-art-scale-1-10-x-men\/"]}]},{"@type":"BreadcrumbList","@id":"https:\/\/iron.upsites.dev\/it\/produto\/emma-frost-bds-art-scale-1-10-x-men\/#breadcrumb","itemListElement":[{"@type":"ListItem","position":1,"name":"In\u00edcio","item":"https:\/\/iron.upsites.dev\/"},{"@type":"ListItem","position":2,"name":"Products","item":"https:\/\/iron.upsites.dev\/pt\/shop\/"},{"@type":"ListItem","position":3,"name":"Emma Frost BDS Art Scale 1\/10 &#8211; X-men"}]}]}},"_links":{"self":[{"href":"https:\/\/iron.siteup.dev\/fr\/wp-json\/wp\/v2\/product\/291"}],"collection":[{"href":"https:\/\/iron.siteup.dev\/fr\/wp-json\/wp\/v2\/product"}],"about":[{"href":"https:\/\/iron.siteup.dev\/fr\/wp-json\/wp\/v2\/types\/product"}],"wp:featuredmedia":[{"embeddable":true,"href":"https:\/\/iron.siteup.dev\/fr\/wp-json\/wp\/v2\/media\/293"}],"wp:attachment":[{"href":"https:\/\/iron.siteup.dev\/fr\/wp-json\/wp\/v2\/media?parent=291"}],"wp:term":[{"taxonomy":"product_cat","embeddable":true,"href":"https:\/\/iron.siteup.dev\/fr\/wp-json\/wp\/v2\/product_cat?post=291"},{"taxonomy":"product_tag","embeddable":true,"href":"https:\/\/iron.siteup.dev\/fr\/wp-json\/wp\/v2\/product_tag?post=291"}],"curies":[{"name":"wp","href":"https:\/\/api.w.org\/{rel}","templated":true}]}}