{"id":314,"date":"2020-07-17T14:40:54","date_gmt":"2020-07-17T17:40:54","guid":{"rendered":"https:\/\/iron.siteup.dev\/?post_type=product&#038;p=314"},"modified":"2020-07-28T12:58:22","modified_gmt":"2020-07-28T15:58:22","slug":"iron-man-illusion-deluxe-art-scale-1-10-spider-man-far-from-home","status":"publish","type":"product","link":"https:\/\/iron.siteup.dev\/es\/produto\/iron-man-illusion-deluxe-art-scale-1-10-spider-man-far-from-home\/","title":{"rendered":"Iron Man Illusion Deluxe Art Scale 1\/10 \u2013 Spider-Man: Far From Home"},"content":{"rendered":"","protected":false},"excerpt":{"rendered":"<p>\"\"Si fueras lo suficientemente bueno, tal vez Tony a\u00fan estar\u00eda vivo ...\"\" con esa frase, Quentin Beck, el enigm\u00e1tico villano llamado Mysterio, lleva a Peter Parker a una pesadilla cuando el joven Spider-Man todav\u00eda sufre la p\u00e9rdida de su amigo y mentor. En la batalla final contra Thanos, en medio de una niebla verde alucin\u00f3gena expulsada por uno de los drones del villano, aparece la imagen cadav\u00e9rica y zombificada de Iron Man, flotando con sus repulsores y con una armadura rota que revela partes del esqueleto de Stark.\n\nUna mirada m\u00e1s cercana muestra la textura de los p\u00edxeles azules en la imagen, revelando que es otra ilusi\u00f3n digital creada por Mysterio, un detalle resaltado en la figura gracias a una pintura c\u00edtrica especial utilizada en su pintura, donde diferentes \u00e1ngulos de iluminaci\u00f3n proporcionan diferentes impresiones visuales.\n\nEsta sorprendente escena de la pel\u00edcula Spider-Man: Away from Home se presenta con orgullo en Iron Studios Illusion Deluxe Art Scale 1\/10 - Spider-Man: Away from Home, de Iron Studios, en una estatua coleccionable exclusiva y sin precedentes , parte de su l\u00ednea derivada de la pel\u00edcula.<\/p>","protected":false},"featured_media":436,"template":"","meta":[],"product_cat":[47,46],"product_tag":[69],"acf":[],"yoast_head":"<!-- This site is optimized with the Yoast SEO plugin v19.4 - https:\/\/yoast.com\/wordpress\/plugins\/seo\/ -->\n<title>Iron Man Illusion Deluxe Art Scale 1\/10 \u2013 Spider-Man: Far From Home - Iron Studio<\/title>\n<meta name=\"robots\" content=\"noindex, follow, max-snippet:-1, max-image-preview:large, max-video-preview:-1\" \/>\n<meta property=\"og:locale\" content=\"es_ES\" \/>\n<meta property=\"og:type\" content=\"article\" \/>\n<meta property=\"og:title\" content=\"Iron Man Illusion Deluxe Art Scale 1\/10 \u2013 Spider-Man: Far From Home - Iron Studio\" \/>\n<meta property=\"og:description\" content=\"\u201cIf you were good enough, then maybe Tony would still be alive\u2026\u201d with that phrase, Quentin Beck, the enigmatic villain named Mysterio, brings Peter Parker to a nightmare when the young Spider-Man still suffers the loss from his friend and mentor in the final battle against Thanos. Amid a hallucinogenic green mist expelled by one of the villain\u2019s drones, appears the cadaverous and zombified image of Iron Man, floating with his repulsors, and wearing a shattered armor that reveals parts of Stark\u2019s skeleton inside. A closer look shows the texture of blue pixels in the image, revealing that it is another digital illusion created by Mysterio, a detail highlighted in the figure thanks to a special citrus paint used in his painting, where different lighting angles provide different visual impressions. This striking scene from the movie Spider-Man: Far From Home, is proudly presented in the figure \u201cIron Man Illusion Deluxe Art Scale 1\/10 \u2013 Spider-Man: Far From Home\u201d by Iron Studios, in an exclusive and unprecedented collectible statue, part of its line derived from the film.\" \/>\n<meta property=\"og:url\" content=\"https:\/\/iron.siteup.dev\/es\/produto\/iron-man-illusion-deluxe-art-scale-1-10-spider-man-far-from-home\/\" \/>\n<meta property=\"og:site_name\" content=\"Iron Studio\" \/>\n<meta property=\"article:publisher\" content=\"https:\/\/www.facebook.com\/ironstudios\" \/>\n<meta property=\"article:modified_time\" content=\"2020-07-28T15:58:22+00:00\" \/>\n<meta property=\"og:image\" content=\"https:\/\/iron.siteup.dev\/wp-content\/uploads\/2020\/07\/img-09-ironman-product-223740.png\" \/>\n\t<meta property=\"og:image:width\" content=\"613\" \/>\n\t<meta property=\"og:image:height\" content=\"613\" \/>\n\t<meta property=\"og:image:type\" content=\"image\/png\" \/>\n<meta name=\"twitter:card\" content=\"summary_large_image\" \/>\n<script type=\"application\/ld+json\" class=\"yoast-schema-graph\">{\"@context\":\"https:\/\/schema.org\",\"@graph\":[{\"@type\":\"Organization\",\"@id\":\"https:\/\/iron.upsites.dev\/#organization\",\"name\":\"Iron Studios\",\"url\":\"https:\/\/iron.upsites.dev\/\",\"sameAs\":[\"https:\/\/www.instagram.com\/ironstudios\/\",\"https:\/\/www.youtube.com\/channel\/UCi3CCnkxvCFpKK4gBGC0dYw\/featured\",\"https:\/\/www.facebook.com\/ironstudios\"],\"logo\":{\"@type\":\"ImageObject\",\"inLanguage\":\"es-ES\",\"@id\":\"https:\/\/iron.upsites.dev\/#\/schema\/logo\/image\/\",\"url\":\"\",\"contentUrl\":\"\",\"caption\":\"Iron Studios\"},\"image\":{\"@id\":\"https:\/\/iron.upsites.dev\/#\/schema\/logo\/image\/\"}},{\"@type\":\"WebSite\",\"@id\":\"https:\/\/iron.upsites.dev\/#website\",\"url\":\"https:\/\/iron.upsites.dev\/\",\"name\":\"Iron Studio\",\"description\":\"Statue to collect\",\"publisher\":{\"@id\":\"https:\/\/iron.upsites.dev\/#organization\"},\"potentialAction\":[{\"@type\":\"SearchAction\",\"target\":{\"@type\":\"EntryPoint\",\"urlTemplate\":\"https:\/\/iron.upsites.dev\/?s={search_term_string}\"},\"query-input\":\"required name=search_term_string\"}],\"inLanguage\":\"es-ES\"},{\"@type\":\"WebPage\",\"@id\":\"https:\/\/iron.siteup.dev\/es\/produto\/iron-man-illusion-deluxe-art-scale-1-10-spider-man-far-from-home\/\",\"url\":\"https:\/\/iron.siteup.dev\/es\/produto\/iron-man-illusion-deluxe-art-scale-1-10-spider-man-far-from-home\/\",\"name\":\"Iron Man Illusion Deluxe Art Scale 1\/10 \u2013 Spider-Man: Far From Home - Iron Studio\",\"isPartOf\":{\"@id\":\"https:\/\/iron.upsites.dev\/#website\"},\"datePublished\":\"2020-07-17T17:40:54+00:00\",\"dateModified\":\"2020-07-28T15:58:22+00:00\",\"breadcrumb\":{\"@id\":\"https:\/\/iron.siteup.dev\/es\/produto\/iron-man-illusion-deluxe-art-scale-1-10-spider-man-far-from-home\/#breadcrumb\"},\"inLanguage\":\"es-ES\",\"potentialAction\":[{\"@type\":\"ReadAction\",\"target\":[\"https:\/\/iron.siteup.dev\/es\/produto\/iron-man-illusion-deluxe-art-scale-1-10-spider-man-far-from-home\/\"]}]},{\"@type\":\"BreadcrumbList\",\"@id\":\"https:\/\/iron.siteup.dev\/es\/produto\/iron-man-illusion-deluxe-art-scale-1-10-spider-man-far-from-home\/#breadcrumb\",\"itemListElement\":[{\"@type\":\"ListItem\",\"position\":1,\"name\":\"In\u00edcio\",\"item\":\"http:\/\/iron.siteup.dev\/it\/\"},{\"@type\":\"ListItem\",\"position\":2,\"name\":\"Products\",\"item\":\"https:\/\/iron.siteup.dev\/pt\/shop\/\"},{\"@type\":\"ListItem\",\"position\":3,\"name\":\"Iron Man Illusion Deluxe Art Scale 1\/10 \u2013 Spider-Man: Far From Home\"}]}]}<\/script>\n<!-- \/ Yoast SEO plugin. -->","yoast_head_json":{"title":"Iron Man Illusion Deluxe Art Scale 1\/10 \u2013 Spider-Man: Far From Home - Iron Studio","robots":{"index":"noindex","follow":"follow","max-snippet":"max-snippet:-1","max-image-preview":"max-image-preview:large","max-video-preview":"max-video-preview:-1"},"og_locale":"es_ES","og_type":"article","og_title":"Iron Man Illusion Deluxe Art Scale 1\/10 \u2013 Spider-Man: Far From Home - Iron Studio","og_description":"\u201cIf you were good enough, then maybe Tony would still be alive\u2026\u201d with that phrase, Quentin Beck, the enigmatic villain named Mysterio, brings Peter Parker to a nightmare when the young Spider-Man still suffers the loss from his friend and mentor in the final battle against Thanos. Amid a hallucinogenic green mist expelled by one of the villain\u2019s drones, appears the cadaverous and zombified image of Iron Man, floating with his repulsors, and wearing a shattered armor that reveals parts of Stark\u2019s skeleton inside. A closer look shows the texture of blue pixels in the image, revealing that it is another digital illusion created by Mysterio, a detail highlighted in the figure thanks to a special citrus paint used in his painting, where different lighting angles provide different visual impressions. This striking scene from the movie Spider-Man: Far From Home, is proudly presented in the figure \u201cIron Man Illusion Deluxe Art Scale 1\/10 \u2013 Spider-Man: Far From Home\u201d by Iron Studios, in an exclusive and unprecedented collectible statue, part of its line derived from the film.","og_url":"https:\/\/iron.siteup.dev\/es\/produto\/iron-man-illusion-deluxe-art-scale-1-10-spider-man-far-from-home\/","og_site_name":"Iron Studio","article_publisher":"https:\/\/www.facebook.com\/ironstudios","article_modified_time":"2020-07-28T15:58:22+00:00","og_image":[{"width":613,"height":613,"url":"https:\/\/iron.siteup.dev\/wp-content\/uploads\/2020\/07\/img-09-ironman-product-223740.png","type":"image\/png"}],"twitter_card":"summary_large_image","schema":{"@context":"https:\/\/schema.org","@graph":[{"@type":"Organization","@id":"https:\/\/iron.upsites.dev\/#organization","name":"Iron Studios","url":"https:\/\/iron.upsites.dev\/","sameAs":["https:\/\/www.instagram.com\/ironstudios\/","https:\/\/www.youtube.com\/channel\/UCi3CCnkxvCFpKK4gBGC0dYw\/featured","https:\/\/www.facebook.com\/ironstudios"],"logo":{"@type":"ImageObject","inLanguage":"es-ES","@id":"https:\/\/iron.upsites.dev\/#\/schema\/logo\/image\/","url":"","contentUrl":"","caption":"Iron Studios"},"image":{"@id":"https:\/\/iron.upsites.dev\/#\/schema\/logo\/image\/"}},{"@type":"WebSite","@id":"https:\/\/iron.upsites.dev\/#website","url":"https:\/\/iron.upsites.dev\/","name":"Iron Studio","description":"Statue to collect","publisher":{"@id":"https:\/\/iron.upsites.dev\/#organization"},"potentialAction":[{"@type":"SearchAction","target":{"@type":"EntryPoint","urlTemplate":"https:\/\/iron.upsites.dev\/?s={search_term_string}"},"query-input":"required name=search_term_string"}],"inLanguage":"es-ES"},{"@type":"WebPage","@id":"https:\/\/iron.siteup.dev\/es\/produto\/iron-man-illusion-deluxe-art-scale-1-10-spider-man-far-from-home\/","url":"https:\/\/iron.siteup.dev\/es\/produto\/iron-man-illusion-deluxe-art-scale-1-10-spider-man-far-from-home\/","name":"Iron Man Illusion Deluxe Art Scale 1\/10 \u2013 Spider-Man: Far From Home - Iron Studio","isPartOf":{"@id":"https:\/\/iron.upsites.dev\/#website"},"datePublished":"2020-07-17T17:40:54+00:00","dateModified":"2020-07-28T15:58:22+00:00","breadcrumb":{"@id":"https:\/\/iron.siteup.dev\/es\/produto\/iron-man-illusion-deluxe-art-scale-1-10-spider-man-far-from-home\/#breadcrumb"},"inLanguage":"es-ES","potentialAction":[{"@type":"ReadAction","target":["https:\/\/iron.siteup.dev\/es\/produto\/iron-man-illusion-deluxe-art-scale-1-10-spider-man-far-from-home\/"]}]},{"@type":"BreadcrumbList","@id":"https:\/\/iron.siteup.dev\/es\/produto\/iron-man-illusion-deluxe-art-scale-1-10-spider-man-far-from-home\/#breadcrumb","itemListElement":[{"@type":"ListItem","position":1,"name":"In\u00edcio","item":"http:\/\/iron.siteup.dev\/it\/"},{"@type":"ListItem","position":2,"name":"Products","item":"https:\/\/iron.siteup.dev\/pt\/shop\/"},{"@type":"ListItem","position":3,"name":"Iron Man Illusion Deluxe Art Scale 1\/10 \u2013 Spider-Man: Far From Home"}]}]}},"_links":{"self":[{"href":"https:\/\/iron.siteup.dev\/es\/wp-json\/wp\/v2\/product\/314"}],"collection":[{"href":"https:\/\/iron.siteup.dev\/es\/wp-json\/wp\/v2\/product"}],"about":[{"href":"https:\/\/iron.siteup.dev\/es\/wp-json\/wp\/v2\/types\/product"}],"wp:featuredmedia":[{"embeddable":true,"href":"https:\/\/iron.siteup.dev\/es\/wp-json\/wp\/v2\/media\/436"}],"wp:attachment":[{"href":"https:\/\/iron.siteup.dev\/es\/wp-json\/wp\/v2\/media?parent=314"}],"wp:term":[{"taxonomy":"product_cat","embeddable":true,"href":"https:\/\/iron.siteup.dev\/es\/wp-json\/wp\/v2\/product_cat?post=314"},{"taxonomy":"product_tag","embeddable":true,"href":"https:\/\/iron.siteup.dev\/es\/wp-json\/wp\/v2\/product_tag?post=314"}],"curies":[{"name":"wp","href":"https:\/\/api.w.org\/{rel}","templated":true}]}}