{"id":268,"date":"2020-07-17T12:40:31","date_gmt":"2020-07-17T15:40:31","guid":{"rendered":"https:\/\/iron.siteup.dev\/?post_type=product&#038;p=268"},"modified":"2020-07-28T13:22:17","modified_gmt":"2020-07-28T16:22:17","slug":"the-joker-dc-comics-minico","status":"publish","type":"product","link":"https:\/\/iron.siteup.dev\/es\/produto\/the-joker-dc-comics-minico\/","title":{"rendered":"The Joker \u2013 DC Comics \u2013 MiniCo"},"content":{"rendered":"<p><iframe loading=\"lazy\" title=\"The Joker MiniCo - DC Comics | Iron Studios\" width=\"1200\" height=\"675\" src=\"https:\/\/www.youtube.com\/embed\/wDs_hivfQjs?feature=oembed\" frameborder=\"0\" allow=\"accelerometer; autoplay; encrypted-media; gyroscope; picture-in-picture\" allowfullscreen><\/iframe><\/p>\n<p>&nbsp;<\/p>","protected":false},"excerpt":{"rendered":"<p>Con una palanca en una mano, refiri\u00e9ndose a la sede de \"Batman: una muerte en la familia\" de 1988, notable por mostrar una de las escenas m\u00e1s fuertes protagonizadas por el mayor archienemigo de Batman y un Dentadura explosiva en otra, Iron Studios presenta el cl\u00e1sico Joker estilizado en su l\u00ednea Mini Co Toy Art, con un dise\u00f1o c\u00f3mico en una base con su logotipo y dos naipes en los pies, ilustrado con el d\u00fao din\u00e1mico Batman &amp; Robin en el estilo Mini Co Joker es uno de los villanos m\u00e1s grandes de los c\u00f3mics, llamado \"Payaso siniestro del crimen\", creado por Bill Finger, Bob Kane y Jerry Robinson, inspirado por el actor Conrad Veidt en la pel\u00edcula de 1928 \"The Man Who Laughs\" y Una carta del mazo.<\/p>","protected":false},"featured_media":269,"template":"","meta":[],"product_cat":[23,22],"product_tag":[68],"acf":[],"yoast_head":"<!-- This site is optimized with the Yoast SEO plugin v19.4 - https:\/\/yoast.com\/wordpress\/plugins\/seo\/ -->\n<title>The Joker \u2013 DC Comics \u2013 MiniCo - Iron Studio<\/title>\n<meta name=\"robots\" content=\"noindex, follow, max-snippet:-1, max-image-preview:large, max-video-preview:-1\" \/>\n<meta property=\"og:locale\" content=\"es_ES\" \/>\n<meta property=\"og:type\" content=\"article\" \/>\n<meta property=\"og:title\" content=\"The Joker \u2013 DC Comics \u2013 MiniCo - Iron Studio\" \/>\n<meta property=\"og:description\" content=\"With a Crowbar in one hand, referring to the 1988 \u201cBatman: A Death in the Family\u201d HQ, notable for showing one of the strongest scenes starring Batman\u2019s greatest arch-enemy, and an explosive denture in another, Iron Studios presents the classic stylized Joker in its Mini Co Toy Art line, with comic book design on a base with its logo and two playing cards at its feet, illustrated with the dynamic duo Batman &amp; Robin in the Mini Co style Joker is one of the biggest villains in comics, called the \u201cSinister Clown of Crime\u201d, was created by Bill Finger, Bob Kane and Jerry Robinson inspired by actor Conrad Veidt in the 1928 film \u201cThe Man Who Laughs\u201d and a letter from deck.\" \/>\n<meta property=\"og:url\" content=\"https:\/\/iron.upsites.dev\/produto\/the-joker-dc-comics-minico\/\" \/>\n<meta property=\"og:site_name\" content=\"Iron Studio\" \/>\n<meta property=\"article:publisher\" content=\"https:\/\/www.facebook.com\/ironstudios\" \/>\n<meta property=\"article:modified_time\" content=\"2020-07-28T16:22:17+00:00\" \/>\n<meta property=\"og:image\" content=\"https:\/\/iron.upsites.dev\/wp-content\/uploads\/2020\/07\/17d9d3d5-the-joker-product.png\" \/>\n\t<meta property=\"og:image:width\" content=\"531\" \/>\n\t<meta property=\"og:image:height\" content=\"659\" \/>\n\t<meta property=\"og:image:type\" content=\"image\/png\" \/>\n<meta name=\"twitter:card\" content=\"summary_large_image\" \/>\n<script type=\"application\/ld+json\" class=\"yoast-schema-graph\">{\"@context\":\"https:\/\/schema.org\",\"@graph\":[{\"@type\":\"Organization\",\"@id\":\"https:\/\/iron.upsites.dev\/#organization\",\"name\":\"Iron Studios\",\"url\":\"https:\/\/iron.upsites.dev\/\",\"sameAs\":[\"https:\/\/www.instagram.com\/ironstudios\/\",\"https:\/\/www.youtube.com\/channel\/UCi3CCnkxvCFpKK4gBGC0dYw\/featured\",\"https:\/\/www.facebook.com\/ironstudios\"],\"logo\":{\"@type\":\"ImageObject\",\"inLanguage\":\"es-ES\",\"@id\":\"https:\/\/iron.upsites.dev\/#\/schema\/logo\/image\/\",\"url\":\"\",\"contentUrl\":\"\",\"caption\":\"Iron Studios\"},\"image\":{\"@id\":\"https:\/\/iron.upsites.dev\/#\/schema\/logo\/image\/\"}},{\"@type\":\"WebSite\",\"@id\":\"https:\/\/iron.upsites.dev\/#website\",\"url\":\"https:\/\/iron.upsites.dev\/\",\"name\":\"Iron Studio\",\"description\":\"Statue to collect\",\"publisher\":{\"@id\":\"https:\/\/iron.upsites.dev\/#organization\"},\"potentialAction\":[{\"@type\":\"SearchAction\",\"target\":{\"@type\":\"EntryPoint\",\"urlTemplate\":\"https:\/\/iron.upsites.dev\/?s={search_term_string}\"},\"query-input\":\"required name=search_term_string\"}],\"inLanguage\":\"es-ES\"},{\"@type\":\"WebPage\",\"@id\":\"https:\/\/iron.upsites.dev\/produto\/the-joker-dc-comics-minico\/\",\"url\":\"https:\/\/iron.upsites.dev\/produto\/the-joker-dc-comics-minico\/\",\"name\":\"The Joker \u2013 DC Comics \u2013 MiniCo - Iron Studio\",\"isPartOf\":{\"@id\":\"https:\/\/iron.upsites.dev\/#website\"},\"datePublished\":\"2020-07-17T15:40:31+00:00\",\"dateModified\":\"2020-07-28T16:22:17+00:00\",\"breadcrumb\":{\"@id\":\"https:\/\/iron.upsites.dev\/produto\/the-joker-dc-comics-minico\/#breadcrumb\"},\"inLanguage\":\"es-ES\",\"potentialAction\":[{\"@type\":\"ReadAction\",\"target\":[\"https:\/\/iron.upsites.dev\/produto\/the-joker-dc-comics-minico\/\"]}]},{\"@type\":\"BreadcrumbList\",\"@id\":\"https:\/\/iron.upsites.dev\/produto\/the-joker-dc-comics-minico\/#breadcrumb\",\"itemListElement\":[{\"@type\":\"ListItem\",\"position\":1,\"name\":\"In\u00edcio\",\"item\":\"https:\/\/iron.upsites.dev\/\"},{\"@type\":\"ListItem\",\"position\":2,\"name\":\"Products\",\"item\":\"https:\/\/iron.upsites.dev\/shop\/\"},{\"@type\":\"ListItem\",\"position\":3,\"name\":\"The Joker \u2013 DC Comics \u2013 MiniCo\"}]}]}<\/script>\n<!-- \/ Yoast SEO plugin. -->","yoast_head_json":{"title":"The Joker \u2013 DC Comics \u2013 MiniCo - Iron Studio","robots":{"index":"noindex","follow":"follow","max-snippet":"max-snippet:-1","max-image-preview":"max-image-preview:large","max-video-preview":"max-video-preview:-1"},"og_locale":"es_ES","og_type":"article","og_title":"The Joker \u2013 DC Comics \u2013 MiniCo - Iron Studio","og_description":"With a Crowbar in one hand, referring to the 1988 \u201cBatman: A Death in the Family\u201d HQ, notable for showing one of the strongest scenes starring Batman\u2019s greatest arch-enemy, and an explosive denture in another, Iron Studios presents the classic stylized Joker in its Mini Co Toy Art line, with comic book design on a base with its logo and two playing cards at its feet, illustrated with the dynamic duo Batman &amp; Robin in the Mini Co style Joker is one of the biggest villains in comics, called the \u201cSinister Clown of Crime\u201d, was created by Bill Finger, Bob Kane and Jerry Robinson inspired by actor Conrad Veidt in the 1928 film \u201cThe Man Who Laughs\u201d and a letter from deck.","og_url":"https:\/\/iron.upsites.dev\/produto\/the-joker-dc-comics-minico\/","og_site_name":"Iron Studio","article_publisher":"https:\/\/www.facebook.com\/ironstudios","article_modified_time":"2020-07-28T16:22:17+00:00","og_image":[{"width":531,"height":659,"url":"https:\/\/iron.upsites.dev\/wp-content\/uploads\/2020\/07\/17d9d3d5-the-joker-product.png","type":"image\/png"}],"twitter_card":"summary_large_image","schema":{"@context":"https:\/\/schema.org","@graph":[{"@type":"Organization","@id":"https:\/\/iron.upsites.dev\/#organization","name":"Iron Studios","url":"https:\/\/iron.upsites.dev\/","sameAs":["https:\/\/www.instagram.com\/ironstudios\/","https:\/\/www.youtube.com\/channel\/UCi3CCnkxvCFpKK4gBGC0dYw\/featured","https:\/\/www.facebook.com\/ironstudios"],"logo":{"@type":"ImageObject","inLanguage":"es-ES","@id":"https:\/\/iron.upsites.dev\/#\/schema\/logo\/image\/","url":"","contentUrl":"","caption":"Iron Studios"},"image":{"@id":"https:\/\/iron.upsites.dev\/#\/schema\/logo\/image\/"}},{"@type":"WebSite","@id":"https:\/\/iron.upsites.dev\/#website","url":"https:\/\/iron.upsites.dev\/","name":"Iron Studio","description":"Statue to collect","publisher":{"@id":"https:\/\/iron.upsites.dev\/#organization"},"potentialAction":[{"@type":"SearchAction","target":{"@type":"EntryPoint","urlTemplate":"https:\/\/iron.upsites.dev\/?s={search_term_string}"},"query-input":"required name=search_term_string"}],"inLanguage":"es-ES"},{"@type":"WebPage","@id":"https:\/\/iron.upsites.dev\/produto\/the-joker-dc-comics-minico\/","url":"https:\/\/iron.upsites.dev\/produto\/the-joker-dc-comics-minico\/","name":"The Joker \u2013 DC Comics \u2013 MiniCo - Iron Studio","isPartOf":{"@id":"https:\/\/iron.upsites.dev\/#website"},"datePublished":"2020-07-17T15:40:31+00:00","dateModified":"2020-07-28T16:22:17+00:00","breadcrumb":{"@id":"https:\/\/iron.upsites.dev\/produto\/the-joker-dc-comics-minico\/#breadcrumb"},"inLanguage":"es-ES","potentialAction":[{"@type":"ReadAction","target":["https:\/\/iron.upsites.dev\/produto\/the-joker-dc-comics-minico\/"]}]},{"@type":"BreadcrumbList","@id":"https:\/\/iron.upsites.dev\/produto\/the-joker-dc-comics-minico\/#breadcrumb","itemListElement":[{"@type":"ListItem","position":1,"name":"In\u00edcio","item":"https:\/\/iron.upsites.dev\/"},{"@type":"ListItem","position":2,"name":"Products","item":"https:\/\/iron.upsites.dev\/shop\/"},{"@type":"ListItem","position":3,"name":"The Joker \u2013 DC Comics \u2013 MiniCo"}]}]}},"_links":{"self":[{"href":"https:\/\/iron.siteup.dev\/es\/wp-json\/wp\/v2\/product\/268"}],"collection":[{"href":"https:\/\/iron.siteup.dev\/es\/wp-json\/wp\/v2\/product"}],"about":[{"href":"https:\/\/iron.siteup.dev\/es\/wp-json\/wp\/v2\/types\/product"}],"wp:featuredmedia":[{"embeddable":true,"href":"https:\/\/iron.siteup.dev\/es\/wp-json\/wp\/v2\/media\/269"}],"wp:attachment":[{"href":"https:\/\/iron.siteup.dev\/es\/wp-json\/wp\/v2\/media?parent=268"}],"wp:term":[{"taxonomy":"product_cat","embeddable":true,"href":"https:\/\/iron.siteup.dev\/es\/wp-json\/wp\/v2\/product_cat?post=268"},{"taxonomy":"product_tag","embeddable":true,"href":"https:\/\/iron.siteup.dev\/es\/wp-json\/wp\/v2\/product_tag?post=268"}],"curies":[{"name":"wp","href":"https:\/\/api.w.org\/{rel}","templated":true}]}}