{"id":311,"date":"2020-07-17T14:25:33","date_gmt":"2020-07-17T17:25:33","guid":{"rendered":"https:\/\/iron.siteup.dev\/?post_type=product&#038;p=311"},"modified":"2020-07-28T13:20:08","modified_gmt":"2020-07-28T16:20:08","slug":"jean-grey-bds-art-scale-1-10-x-men","status":"publish","type":"product","link":"https:\/\/iron.siteup.dev\/de\/produto\/jean-grey-bds-art-scale-1-10-x-men\/","title":{"rendered":"Jean Grey BDS Art Scale 1\/10 &#8211; X-men"},"content":{"rendered":"<p><iframe loading=\"lazy\" title=\"Jean Grey 1\/10 BDS Art Scale X-men Diorama | Iron Studios\" width=\"1200\" height=\"675\" src=\"https:\/\/www.youtube.com\/embed\/fDcE4yT6yfU?feature=oembed\" frameborder=\"0\" allow=\"accelerometer; autoplay; encrypted-media; gyroscope; picture-in-picture\" allowfullscreen><\/iframe><\/p>","protected":false},"excerpt":{"rendered":"<p>Der gr\u00f6\u00dfte Telepath (sogar \u00fcberlegen gegen\u00fcber Prof. X und Emma Frost) im Marvel-Universum schwebt auf Wellen psionischer Energie und erhebt sich inmitten der Tr\u00fcmmer von Mansion X, wobei er sich auf seine mutierte Omega-Level-Kraft konzentriert, die selbst von den m\u00e4chtigsten Feinden gef\u00fcrchtet wird . Urspr\u00fcnglich als Marvel Girl und dann als Phoenix bekannt, konnten die Iron Studios nicht anders, als das gro\u00dfartigste Kampfdiorama mit Sammelstatuen der X-Men, die jemals hergestellt wurden, mit der Figur \u201eJean Gray BDS Art Scale 1\/10 - Marvel Comics\u201c zu erg\u00e4nzen die Heldin, die ihre Kr\u00e4fte gegen die von Magneto manipulierten Sentinels einsetzt. Jean ist nicht nur eine m\u00e4chtige Telepathin, Telekinese und Psionikerin, sondern erlangt auch die Kontrolle \u00fcber kosmisches Feuer, zeitliche Manipulation und Auferstehungsf\u00e4higkeiten, wenn sie Avatar der Phoenix Force wird. Neben Cyclops sind die beiden neben den Gr\u00fcndungsmitgliedern der X-Men immer noch eines der \u00e4ltesten und beliebtesten Marvel-Paare.<\/p>","protected":false},"featured_media":298,"template":"","meta":[],"product_cat":[54,46],"product_tag":[67],"acf":[],"yoast_head":"<!-- This site is optimized with the Yoast SEO plugin v19.4 - https:\/\/yoast.com\/wordpress\/plugins\/seo\/ -->\n<title>Jean Grey BDS Art Scale 1\/10 - X-men - Iron Studio<\/title>\n<meta name=\"robots\" content=\"noindex, follow, max-snippet:-1, max-image-preview:large, max-video-preview:-1\" \/>\n<meta property=\"og:locale\" content=\"de_DE\" \/>\n<meta property=\"og:type\" content=\"article\" \/>\n<meta property=\"og:title\" content=\"Jean Grey BDS Art Scale 1\/10 - X-men - Iron Studio\" \/>\n<meta property=\"og:description\" content=\"Floating on waves of psionic energy, the greatest telepath (even superior to Prof. X and Emma Frost) in the Marvel universe, rises amid the rubble of Mansion X, focusing on its mutant Omega-level power, feared by even the most powerful enemies. Originally known as Marvel Girl and then Phoenix, Iron Studios could not help adding to the most grand battle diorama with collectible statues of the X-Men ever produced, the figure of \u201cJean Gray BDS Art Scale 1\/10 \u2013 Marvel Comics\u201d, with the heroine using her powers against the Sentinels manipulated by Magneto. In addition to being a powerful telepath, telekinetic and psionic, when Jean becomes an avatar of the Phoenix Force, she gains control over cosmic fire, temporal manipulation and resurrection skills. Along with Cyclops, in addition to founding members of the X-Men, the two are still one of the oldest and most beloved Marvel couples.\" \/>\n<meta property=\"og:url\" content=\"https:\/\/iron.siteup.dev\/de\/produto\/jean-grey-bds-art-scale-1-10-x-men\/\" \/>\n<meta property=\"og:site_name\" content=\"Iron Studio\" \/>\n<meta property=\"article:publisher\" content=\"https:\/\/www.facebook.com\/ironstudios\" \/>\n<meta property=\"article:modified_time\" content=\"2020-07-28T16:20:08+00:00\" \/>\n<meta property=\"og:image\" content=\"https:\/\/iron.siteup.dev\/wp-content\/uploads\/2020\/07\/7dcfebc2-img-04-jean-grey-product.jpg\" \/>\n\t<meta property=\"og:image:width\" content=\"398\" \/>\n\t<meta property=\"og:image:height\" content=\"620\" \/>\n\t<meta property=\"og:image:type\" content=\"image\/jpeg\" \/>\n<meta name=\"twitter:card\" content=\"summary_large_image\" \/>\n<script type=\"application\/ld+json\" class=\"yoast-schema-graph\">{\"@context\":\"https:\/\/schema.org\",\"@graph\":[{\"@type\":\"Organization\",\"@id\":\"https:\/\/iron.upsites.dev\/#organization\",\"name\":\"Iron Studios\",\"url\":\"https:\/\/iron.upsites.dev\/\",\"sameAs\":[\"https:\/\/www.instagram.com\/ironstudios\/\",\"https:\/\/www.youtube.com\/channel\/UCi3CCnkxvCFpKK4gBGC0dYw\/featured\",\"https:\/\/www.facebook.com\/ironstudios\"],\"logo\":{\"@type\":\"ImageObject\",\"inLanguage\":\"de-DE\",\"@id\":\"https:\/\/iron.upsites.dev\/#\/schema\/logo\/image\/\",\"url\":\"\",\"contentUrl\":\"\",\"caption\":\"Iron Studios\"},\"image\":{\"@id\":\"https:\/\/iron.upsites.dev\/#\/schema\/logo\/image\/\"}},{\"@type\":\"WebSite\",\"@id\":\"https:\/\/iron.upsites.dev\/#website\",\"url\":\"https:\/\/iron.upsites.dev\/\",\"name\":\"Iron Studio\",\"description\":\"Statue to collect\",\"publisher\":{\"@id\":\"https:\/\/iron.upsites.dev\/#organization\"},\"potentialAction\":[{\"@type\":\"SearchAction\",\"target\":{\"@type\":\"EntryPoint\",\"urlTemplate\":\"https:\/\/iron.upsites.dev\/?s={search_term_string}\"},\"query-input\":\"required name=search_term_string\"}],\"inLanguage\":\"de-DE\"},{\"@type\":\"WebPage\",\"@id\":\"https:\/\/iron.siteup.dev\/de\/produto\/jean-grey-bds-art-scale-1-10-x-men\/\",\"url\":\"https:\/\/iron.siteup.dev\/de\/produto\/jean-grey-bds-art-scale-1-10-x-men\/\",\"name\":\"Jean Grey BDS Art Scale 1\/10 - X-men - Iron Studio\",\"isPartOf\":{\"@id\":\"https:\/\/iron.upsites.dev\/#website\"},\"datePublished\":\"2020-07-17T17:25:33+00:00\",\"dateModified\":\"2020-07-28T16:20:08+00:00\",\"breadcrumb\":{\"@id\":\"https:\/\/iron.siteup.dev\/de\/produto\/jean-grey-bds-art-scale-1-10-x-men\/#breadcrumb\"},\"inLanguage\":\"de-DE\",\"potentialAction\":[{\"@type\":\"ReadAction\",\"target\":[\"https:\/\/iron.siteup.dev\/de\/produto\/jean-grey-bds-art-scale-1-10-x-men\/\"]}]},{\"@type\":\"BreadcrumbList\",\"@id\":\"https:\/\/iron.siteup.dev\/de\/produto\/jean-grey-bds-art-scale-1-10-x-men\/#breadcrumb\",\"itemListElement\":[{\"@type\":\"ListItem\",\"position\":1,\"name\":\"In\u00edcio\",\"item\":\"http:\/\/iron.siteup.dev\/it\/\"},{\"@type\":\"ListItem\",\"position\":2,\"name\":\"Products\",\"item\":\"https:\/\/iron.siteup.dev\/pt\/shop\/\"},{\"@type\":\"ListItem\",\"position\":3,\"name\":\"Jean Grey BDS Art Scale 1\/10 &#8211; X-men\"}]}]}<\/script>\n<!-- \/ Yoast SEO plugin. -->","yoast_head_json":{"title":"Jean Grey BDS Art Scale 1\/10 - X-men - Iron Studio","robots":{"index":"noindex","follow":"follow","max-snippet":"max-snippet:-1","max-image-preview":"max-image-preview:large","max-video-preview":"max-video-preview:-1"},"og_locale":"de_DE","og_type":"article","og_title":"Jean Grey BDS Art Scale 1\/10 - X-men - Iron Studio","og_description":"Floating on waves of psionic energy, the greatest telepath (even superior to Prof. X and Emma Frost) in the Marvel universe, rises amid the rubble of Mansion X, focusing on its mutant Omega-level power, feared by even the most powerful enemies. Originally known as Marvel Girl and then Phoenix, Iron Studios could not help adding to the most grand battle diorama with collectible statues of the X-Men ever produced, the figure of \u201cJean Gray BDS Art Scale 1\/10 \u2013 Marvel Comics\u201d, with the heroine using her powers against the Sentinels manipulated by Magneto. In addition to being a powerful telepath, telekinetic and psionic, when Jean becomes an avatar of the Phoenix Force, she gains control over cosmic fire, temporal manipulation and resurrection skills. Along with Cyclops, in addition to founding members of the X-Men, the two are still one of the oldest and most beloved Marvel couples.","og_url":"https:\/\/iron.siteup.dev\/de\/produto\/jean-grey-bds-art-scale-1-10-x-men\/","og_site_name":"Iron Studio","article_publisher":"https:\/\/www.facebook.com\/ironstudios","article_modified_time":"2020-07-28T16:20:08+00:00","og_image":[{"width":398,"height":620,"url":"https:\/\/iron.siteup.dev\/wp-content\/uploads\/2020\/07\/7dcfebc2-img-04-jean-grey-product.jpg","type":"image\/jpeg"}],"twitter_card":"summary_large_image","schema":{"@context":"https:\/\/schema.org","@graph":[{"@type":"Organization","@id":"https:\/\/iron.upsites.dev\/#organization","name":"Iron Studios","url":"https:\/\/iron.upsites.dev\/","sameAs":["https:\/\/www.instagram.com\/ironstudios\/","https:\/\/www.youtube.com\/channel\/UCi3CCnkxvCFpKK4gBGC0dYw\/featured","https:\/\/www.facebook.com\/ironstudios"],"logo":{"@type":"ImageObject","inLanguage":"de-DE","@id":"https:\/\/iron.upsites.dev\/#\/schema\/logo\/image\/","url":"","contentUrl":"","caption":"Iron Studios"},"image":{"@id":"https:\/\/iron.upsites.dev\/#\/schema\/logo\/image\/"}},{"@type":"WebSite","@id":"https:\/\/iron.upsites.dev\/#website","url":"https:\/\/iron.upsites.dev\/","name":"Iron Studio","description":"Statue to collect","publisher":{"@id":"https:\/\/iron.upsites.dev\/#organization"},"potentialAction":[{"@type":"SearchAction","target":{"@type":"EntryPoint","urlTemplate":"https:\/\/iron.upsites.dev\/?s={search_term_string}"},"query-input":"required name=search_term_string"}],"inLanguage":"de-DE"},{"@type":"WebPage","@id":"https:\/\/iron.siteup.dev\/de\/produto\/jean-grey-bds-art-scale-1-10-x-men\/","url":"https:\/\/iron.siteup.dev\/de\/produto\/jean-grey-bds-art-scale-1-10-x-men\/","name":"Jean Grey BDS Art Scale 1\/10 - X-men - Iron Studio","isPartOf":{"@id":"https:\/\/iron.upsites.dev\/#website"},"datePublished":"2020-07-17T17:25:33+00:00","dateModified":"2020-07-28T16:20:08+00:00","breadcrumb":{"@id":"https:\/\/iron.siteup.dev\/de\/produto\/jean-grey-bds-art-scale-1-10-x-men\/#breadcrumb"},"inLanguage":"de-DE","potentialAction":[{"@type":"ReadAction","target":["https:\/\/iron.siteup.dev\/de\/produto\/jean-grey-bds-art-scale-1-10-x-men\/"]}]},{"@type":"BreadcrumbList","@id":"https:\/\/iron.siteup.dev\/de\/produto\/jean-grey-bds-art-scale-1-10-x-men\/#breadcrumb","itemListElement":[{"@type":"ListItem","position":1,"name":"In\u00edcio","item":"http:\/\/iron.siteup.dev\/it\/"},{"@type":"ListItem","position":2,"name":"Products","item":"https:\/\/iron.siteup.dev\/pt\/shop\/"},{"@type":"ListItem","position":3,"name":"Jean Grey BDS Art Scale 1\/10 &#8211; X-men"}]}]}},"_links":{"self":[{"href":"https:\/\/iron.siteup.dev\/de\/wp-json\/wp\/v2\/product\/311"}],"collection":[{"href":"https:\/\/iron.siteup.dev\/de\/wp-json\/wp\/v2\/product"}],"about":[{"href":"https:\/\/iron.siteup.dev\/de\/wp-json\/wp\/v2\/types\/product"}],"wp:featuredmedia":[{"embeddable":true,"href":"https:\/\/iron.siteup.dev\/de\/wp-json\/wp\/v2\/media\/298"}],"wp:attachment":[{"href":"https:\/\/iron.siteup.dev\/de\/wp-json\/wp\/v2\/media?parent=311"}],"wp:term":[{"taxonomy":"product_cat","embeddable":true,"href":"https:\/\/iron.siteup.dev\/de\/wp-json\/wp\/v2\/product_cat?post=311"},{"taxonomy":"product_tag","embeddable":true,"href":"https:\/\/iron.siteup.dev\/de\/wp-json\/wp\/v2\/product_tag?post=311"}],"curies":[{"name":"wp","href":"https:\/\/api.w.org\/{rel}","templated":true}]}}