{"id":274,"date":"2020-07-17T13:14:47","date_gmt":"2020-07-17T16:14:47","guid":{"rendered":"https:\/\/iron.siteup.dev\/?post_type=product&#038;p=274"},"modified":"2020-07-28T13:21:52","modified_gmt":"2020-07-28T16:21:52","slug":"bishop-bds-art-scale-1-10-x-men","status":"publish","type":"product","link":"https:\/\/iron.siteup.dev\/de\/produto\/bishop-bds-art-scale-1-10-x-men\/","title":{"rendered":"Bishop BDS Art Scale 1\/10 &#8211; X-men"},"content":{"rendered":"<p><iframe loading=\"lazy\" title=\"Bishop 1\/10 BDS Art Scale X-men Diorama | Iron Studios\" width=\"1200\" height=\"675\" src=\"https:\/\/www.youtube.com\/embed\/HvGwKv5itVc?feature=oembed\" frameborder=\"0\" allow=\"accelerometer; autoplay; encrypted-media; gyroscope; picture-in-picture\" allowfullscreen><\/iframe><\/p>","protected":false},"excerpt":{"rendered":"<p>In der Atmosph\u00e4re der 90er Jahre k\u00e4mpft Lucas Bishop mit seinem klassischsten Look gemeinsam mit dem Goldenen Team der X-Men gegen die Sentinels. Der mutierte Polizist aus einer alternativen dystopischen Zukunft, in der die Sentinels Amerika dominierten, kehrt zu unserer Zeitlinie zur\u00fcck, um seine Erfahrung und St\u00e4rke seinen Helden und Idolen aus Kindertagen hinzuzuf\u00fcgen, um die Sentinels zu besiegen und eine m\u00f6gliche tragische Zukunft zu ver\u00e4ndern. Mit der in seiner linken Hand angesammelten W\u00e4rmemikrowellenenergie (weil seine Kraft es ihm erm\u00f6glicht, gegen ihn projizierte Energie zu absorbieren und gegen Gegner zur\u00fcckzukehren) und seinem futuristischen Plasmagewehr in der rechten Hand \u201eBishop BDS Art Scale 1\/10 - Marvel Comics\u201c. Von Iron Studios aus klettert er auf die \u00dcberreste der M\u00f6bel und des Bodens von Mansion X, die von den Robotern unter Magnetos Kontrolle zerst\u00f6rt wurden.<\/p>","protected":false},"featured_media":176,"template":"","meta":[],"product_cat":[53,46],"product_tag":[67],"acf":[],"yoast_head":"<!-- This site is optimized with the Yoast SEO plugin v19.4 - https:\/\/yoast.com\/wordpress\/plugins\/seo\/ -->\n<title>Bishop BDS Art Scale 1\/10 - X-men - Iron Studio<\/title>\n<meta name=\"robots\" content=\"noindex, follow, max-snippet:-1, max-image-preview:large, max-video-preview:-1\" \/>\n<meta property=\"og:locale\" content=\"de_DE\" \/>\n<meta property=\"og:type\" content=\"article\" \/>\n<meta property=\"og:title\" content=\"Bishop BDS Art Scale 1\/10 - X-men - Iron Studio\" \/>\n<meta property=\"og:description\" content=\"The atmosphere of the 90s, with his most classic look, Lucas Bishop joins the Golden Team of the X-Men in fighting the Sentinels. The mutant policeman from an alternative dystopian future, where the Sentinels dominated America, returns to our timeline to add his experience and strength to his childhood heroes and idols, in the struggle to defeat the Sentinels and change a possible tragic future. With the heat microwave energy accumulated in his left hand (because his power allows him to absorb energy projected against him and revert against opponents) and carrying his futuristic plasma rifle in his right hand, \u201cBishop BDS Art Scale 1\/10 \u2013 Marvel Comics \u201d from Iron Studios, climbs the remains of the furniture and floor of Mansion X, devastated by the robots under Magneto\u2019s control.\" \/>\n<meta property=\"og:url\" content=\"http:\/\/iron.upsites.dev\/de\/produto\/bishop-bds-art-scale-1-10-x-men\/\" \/>\n<meta property=\"og:site_name\" content=\"Iron Studio\" \/>\n<meta property=\"article:publisher\" content=\"https:\/\/www.facebook.com\/ironstudios\" \/>\n<meta property=\"article:modified_time\" content=\"2020-07-28T16:21:52+00:00\" \/>\n<meta property=\"og:image\" content=\"http:\/\/iron.upsites.dev\/wp-content\/uploads\/2020\/07\/50200f9a-img-02-bishop-product.jpg\" \/>\n\t<meta property=\"og:image:width\" content=\"542\" \/>\n\t<meta property=\"og:image:height\" content=\"679\" \/>\n\t<meta property=\"og:image:type\" content=\"image\/jpeg\" \/>\n<meta name=\"twitter:card\" content=\"summary_large_image\" \/>\n<script type=\"application\/ld+json\" class=\"yoast-schema-graph\">{\"@context\":\"https:\/\/schema.org\",\"@graph\":[{\"@type\":\"Organization\",\"@id\":\"https:\/\/iron.upsites.dev\/#organization\",\"name\":\"Iron Studios\",\"url\":\"https:\/\/iron.upsites.dev\/\",\"sameAs\":[\"https:\/\/www.instagram.com\/ironstudios\/\",\"https:\/\/www.youtube.com\/channel\/UCi3CCnkxvCFpKK4gBGC0dYw\/featured\",\"https:\/\/www.facebook.com\/ironstudios\"],\"logo\":{\"@type\":\"ImageObject\",\"inLanguage\":\"de-DE\",\"@id\":\"https:\/\/iron.upsites.dev\/#\/schema\/logo\/image\/\",\"url\":\"\",\"contentUrl\":\"\",\"caption\":\"Iron Studios\"},\"image\":{\"@id\":\"https:\/\/iron.upsites.dev\/#\/schema\/logo\/image\/\"}},{\"@type\":\"WebSite\",\"@id\":\"https:\/\/iron.upsites.dev\/#website\",\"url\":\"https:\/\/iron.upsites.dev\/\",\"name\":\"Iron Studio\",\"description\":\"Statue to collect\",\"publisher\":{\"@id\":\"https:\/\/iron.upsites.dev\/#organization\"},\"potentialAction\":[{\"@type\":\"SearchAction\",\"target\":{\"@type\":\"EntryPoint\",\"urlTemplate\":\"https:\/\/iron.upsites.dev\/?s={search_term_string}\"},\"query-input\":\"required name=search_term_string\"}],\"inLanguage\":\"de-DE\"},{\"@type\":\"WebPage\",\"@id\":\"http:\/\/iron.upsites.dev\/de\/produto\/bishop-bds-art-scale-1-10-x-men\/\",\"url\":\"http:\/\/iron.upsites.dev\/de\/produto\/bishop-bds-art-scale-1-10-x-men\/\",\"name\":\"Bishop BDS Art Scale 1\/10 - X-men - Iron Studio\",\"isPartOf\":{\"@id\":\"https:\/\/iron.upsites.dev\/#website\"},\"datePublished\":\"2020-07-17T16:14:47+00:00\",\"dateModified\":\"2020-07-28T16:21:52+00:00\",\"breadcrumb\":{\"@id\":\"http:\/\/iron.upsites.dev\/de\/produto\/bishop-bds-art-scale-1-10-x-men\/#breadcrumb\"},\"inLanguage\":\"de-DE\",\"potentialAction\":[{\"@type\":\"ReadAction\",\"target\":[\"http:\/\/iron.upsites.dev\/de\/produto\/bishop-bds-art-scale-1-10-x-men\/\"]}]},{\"@type\":\"BreadcrumbList\",\"@id\":\"http:\/\/iron.upsites.dev\/de\/produto\/bishop-bds-art-scale-1-10-x-men\/#breadcrumb\",\"itemListElement\":[{\"@type\":\"ListItem\",\"position\":1,\"name\":\"In\u00edcio\",\"item\":\"https:\/\/iron.upsites.dev\/\"},{\"@type\":\"ListItem\",\"position\":2,\"name\":\"Products\",\"item\":\"https:\/\/iron.upsites.dev\/pt\/shop\/\"},{\"@type\":\"ListItem\",\"position\":3,\"name\":\"Bishop BDS Art Scale 1\/10 &#8211; X-men\"}]}]}<\/script>\n<!-- \/ Yoast SEO plugin. -->","yoast_head_json":{"title":"Bishop BDS Art Scale 1\/10 - X-men - Iron Studio","robots":{"index":"noindex","follow":"follow","max-snippet":"max-snippet:-1","max-image-preview":"max-image-preview:large","max-video-preview":"max-video-preview:-1"},"og_locale":"de_DE","og_type":"article","og_title":"Bishop BDS Art Scale 1\/10 - X-men - Iron Studio","og_description":"The atmosphere of the 90s, with his most classic look, Lucas Bishop joins the Golden Team of the X-Men in fighting the Sentinels. The mutant policeman from an alternative dystopian future, where the Sentinels dominated America, returns to our timeline to add his experience and strength to his childhood heroes and idols, in the struggle to defeat the Sentinels and change a possible tragic future. With the heat microwave energy accumulated in his left hand (because his power allows him to absorb energy projected against him and revert against opponents) and carrying his futuristic plasma rifle in his right hand, \u201cBishop BDS Art Scale 1\/10 \u2013 Marvel Comics \u201d from Iron Studios, climbs the remains of the furniture and floor of Mansion X, devastated by the robots under Magneto\u2019s control.","og_url":"http:\/\/iron.upsites.dev\/de\/produto\/bishop-bds-art-scale-1-10-x-men\/","og_site_name":"Iron Studio","article_publisher":"https:\/\/www.facebook.com\/ironstudios","article_modified_time":"2020-07-28T16:21:52+00:00","og_image":[{"width":542,"height":679,"url":"http:\/\/iron.upsites.dev\/wp-content\/uploads\/2020\/07\/50200f9a-img-02-bishop-product.jpg","type":"image\/jpeg"}],"twitter_card":"summary_large_image","schema":{"@context":"https:\/\/schema.org","@graph":[{"@type":"Organization","@id":"https:\/\/iron.upsites.dev\/#organization","name":"Iron Studios","url":"https:\/\/iron.upsites.dev\/","sameAs":["https:\/\/www.instagram.com\/ironstudios\/","https:\/\/www.youtube.com\/channel\/UCi3CCnkxvCFpKK4gBGC0dYw\/featured","https:\/\/www.facebook.com\/ironstudios"],"logo":{"@type":"ImageObject","inLanguage":"de-DE","@id":"https:\/\/iron.upsites.dev\/#\/schema\/logo\/image\/","url":"","contentUrl":"","caption":"Iron Studios"},"image":{"@id":"https:\/\/iron.upsites.dev\/#\/schema\/logo\/image\/"}},{"@type":"WebSite","@id":"https:\/\/iron.upsites.dev\/#website","url":"https:\/\/iron.upsites.dev\/","name":"Iron Studio","description":"Statue to collect","publisher":{"@id":"https:\/\/iron.upsites.dev\/#organization"},"potentialAction":[{"@type":"SearchAction","target":{"@type":"EntryPoint","urlTemplate":"https:\/\/iron.upsites.dev\/?s={search_term_string}"},"query-input":"required name=search_term_string"}],"inLanguage":"de-DE"},{"@type":"WebPage","@id":"http:\/\/iron.upsites.dev\/de\/produto\/bishop-bds-art-scale-1-10-x-men\/","url":"http:\/\/iron.upsites.dev\/de\/produto\/bishop-bds-art-scale-1-10-x-men\/","name":"Bishop BDS Art Scale 1\/10 - X-men - Iron Studio","isPartOf":{"@id":"https:\/\/iron.upsites.dev\/#website"},"datePublished":"2020-07-17T16:14:47+00:00","dateModified":"2020-07-28T16:21:52+00:00","breadcrumb":{"@id":"http:\/\/iron.upsites.dev\/de\/produto\/bishop-bds-art-scale-1-10-x-men\/#breadcrumb"},"inLanguage":"de-DE","potentialAction":[{"@type":"ReadAction","target":["http:\/\/iron.upsites.dev\/de\/produto\/bishop-bds-art-scale-1-10-x-men\/"]}]},{"@type":"BreadcrumbList","@id":"http:\/\/iron.upsites.dev\/de\/produto\/bishop-bds-art-scale-1-10-x-men\/#breadcrumb","itemListElement":[{"@type":"ListItem","position":1,"name":"In\u00edcio","item":"https:\/\/iron.upsites.dev\/"},{"@type":"ListItem","position":2,"name":"Products","item":"https:\/\/iron.upsites.dev\/pt\/shop\/"},{"@type":"ListItem","position":3,"name":"Bishop BDS Art Scale 1\/10 &#8211; X-men"}]}]}},"_links":{"self":[{"href":"https:\/\/iron.siteup.dev\/de\/wp-json\/wp\/v2\/product\/274"}],"collection":[{"href":"https:\/\/iron.siteup.dev\/de\/wp-json\/wp\/v2\/product"}],"about":[{"href":"https:\/\/iron.siteup.dev\/de\/wp-json\/wp\/v2\/types\/product"}],"wp:featuredmedia":[{"embeddable":true,"href":"https:\/\/iron.siteup.dev\/de\/wp-json\/wp\/v2\/media\/176"}],"wp:attachment":[{"href":"https:\/\/iron.siteup.dev\/de\/wp-json\/wp\/v2\/media?parent=274"}],"wp:term":[{"taxonomy":"product_cat","embeddable":true,"href":"https:\/\/iron.siteup.dev\/de\/wp-json\/wp\/v2\/product_cat?post=274"},{"taxonomy":"product_tag","embeddable":true,"href":"https:\/\/iron.siteup.dev\/de\/wp-json\/wp\/v2\/product_tag?post=274"}],"curies":[{"name":"wp","href":"https:\/\/api.w.org\/{rel}","templated":true}]}}